{"id":182,"date":"2025-03-10T09:55:44","date_gmt":"2025-03-10T09:55:44","guid":{"rendered":"http:\/\/dgxdemo.com\/ifl\/?page_id=182"},"modified":"2025-10-21T11:22:51","modified_gmt":"2025-10-21T07:22:51","slug":"kontaktieren-sie-uns","status":"publish","type":"page","link":"https:\/\/iflooringlabs.com\/de\/contact-us\/","title":{"rendered":"Kontakt"},"content":{"rendered":"<div data-elementor-type=\"wp-page\" data-elementor-id=\"182\" class=\"elementor elementor-182\">\n\t\t\t\t<div class=\"elementor-element elementor-element-2740ddb container e-flex e-con-boxed e-con e-parent\" data-id=\"2740ddb\" data-element_type=\"container\" data-e-type=\"container\" data-settings=\"{&quot;background_background&quot;:&quot;classic&quot;}\">\n\t\t\t\t\t<div class=\"e-con-inner\">\n\t\t<div class=\"elementor-element elementor-element-2b679db e-con-full e-flex e-con e-child\" data-id=\"2b679db\" data-element_type=\"container\" data-e-type=\"container\" data-settings=\"{&quot;background_background&quot;:&quot;classic&quot;}\">\n\t\t\t\t<div class=\"elementor-element elementor-element-bbee39b h-100 elementor-widget elementor-widget-image\" data-id=\"bbee39b\" data-element_type=\"widget\" data-e-type=\"widget\" data-widget_type=\"image.default\">\n\t\t\t\t<div class=\"elementor-widget-container\">\n\t\t\t\t\t\t\t\t\t\t\t\t\t\t\t<img fetchpriority=\"high\" decoding=\"async\" width=\"525\" height=\"350\" src=\"https:\/\/iflooringlabs.com\/wp-content\/uploads\/2025\/04\/contact-.png\" class=\"attachment-large size-large wp-image-1480\" alt=\"\" srcset=\"https:\/\/iflooringlabs.com\/wp-content\/uploads\/2025\/04\/contact-.png 635w, https:\/\/iflooringlabs.com\/wp-content\/uploads\/2025\/04\/contact--300x200.png 300w, https:\/\/iflooringlabs.com\/wp-content\/uploads\/2025\/04\/contact--18x12.png 18w\" sizes=\"100vw\" \/>\t\t\t\t\t\t\t\t\t\t\t\t\t\t\t<\/div>\n\t\t\t\t<\/div>\n\t\t\t\t<\/div>\n\t\t<div class=\"elementor-element elementor-element-c752418 e-con-full e-flex e-con e-child\" data-id=\"c752418\" data-element_type=\"container\" data-e-type=\"container\">\n\t\t\t\t<div class=\"elementor-element elementor-element-f667455 fs-32 uppercase elementor-widget__width-initial elementor-widget-mobile__width-initial elementor-widget elementor-widget-heading\" data-id=\"f667455\" data-element_type=\"widget\" data-e-type=\"widget\" data-widget_type=\"heading.default\">\n\t\t\t\t<div class=\"elementor-widget-container\">\n\t\t\t\t\t<p class=\"elementor-heading-title elementor-size-default\">Wie k\u00f6nnen wir Sie unterst\u00fctzen?<\/p>\t\t\t\t<\/div>\n\t\t\t\t<\/div>\n\t\t\t\t<div class=\"elementor-element elementor-element-d73355c fs-16 elementor-widget elementor-widget-text-editor\" data-id=\"d73355c\" data-element_type=\"widget\" data-e-type=\"widget\" data-widget_type=\"text-editor.default\">\n\t\t\t\t<div class=\"elementor-widget-container\">\n\t\t\t\t\t\t\t\t\t<p>Das Team von International Flooring Labs (IFL) ist rund um die Uhr erreichbar und bem\u00fcht sich, alle Anfragen innerhalb von 24 Stunden zu beantworten.<\/p><p>Unsere mehrsprachigen Mitarbeiter k\u00f6nnen Ihnen auf Chinesisch, Deutsch, Englisch, Franz\u00f6sisch, Italienisch, Persisch, Spanisch und Taiwanesisch weiterhelfen.<\/p>\t\t\t\t\t\t\t\t<\/div>\n\t\t\t\t<\/div>\n\t\t<div class=\"elementor-element elementor-element-b2c3c8d e-con-full e-flex e-con e-child\" data-id=\"b2c3c8d\" data-element_type=\"container\" data-e-type=\"container\">\n\t\t<div class=\"elementor-element elementor-element-13c6d55 e-con-full e-flex e-con e-child\" data-id=\"13c6d55\" data-element_type=\"container\" data-e-type=\"container\">\n\t\t\t\t<div class=\"elementor-element elementor-element-a7d1a60 fs-16 uppercase elementor-widget__width-inherit elementor-widget-mobile__width-initial elementor-widget elementor-widget-heading\" data-id=\"a7d1a60\" data-element_type=\"widget\" data-e-type=\"widget\" data-widget_type=\"heading.default\">\n\t\t\t\t<div class=\"elementor-widget-container\">\n\t\t\t\t\t<p class=\"elementor-heading-title elementor-size-default\">Adresse: \n<\/p>\t\t\t\t<\/div>\n\t\t\t\t<\/div>\n\t\t\t\t<div class=\"elementor-element elementor-element-184ae95 elementor-view-default elementor-widget elementor-widget-icon\" data-id=\"184ae95\" data-element_type=\"widget\" data-e-type=\"widget\" data-widget_type=\"icon.default\">\n\t\t\t\t<div class=\"elementor-widget-container\">\n\t\t\t\t\t\t\t<div class=\"elementor-icon-wrapper\">\n\t\t\t<div class=\"elementor-icon\">\n\t\t\t<svg aria-hidden=\"true\" class=\"e-font-icon-svg e-fas-map-marker-alt\" viewbox=\"0 0 384 512\" xmlns=\"http:\/\/www.w3.org\/2000\/svg\"><path d=\"M172.268 501.67C26.97 291.031 0 269.413 0 192 0 85.961 85.961 0 192 0s192 85.961 192 192c0 77.413-26.97 99.031-172.268 309.67-9.535 13.774-29.93 13.773-39.464 0zM192 272c44.183 0 80-35.817 80-80s-35.817-80-80-80-80 35.817-80 80 35.817 80 80 80z\"><\/path><\/svg>\t\t\t<\/div>\n\t\t<\/div>\n\t\t\t\t\t\t<\/div>\n\t\t\t\t<\/div>\n\t\t\t\t<\/div>\n\t\t<div class=\"elementor-element elementor-element-2026413 e-con-full e-flex e-con e-child\" data-id=\"2026413\" data-element_type=\"container\" data-e-type=\"container\">\n\t\t\t\t<div class=\"elementor-element elementor-element-f094bb9 fs-16 elementor-widget__width-initial elementor-widget elementor-widget-text-editor\" data-id=\"f094bb9\" data-element_type=\"widget\" data-e-type=\"widget\" data-widget_type=\"text-editor.default\">\n\t\t\t\t<div class=\"elementor-widget-container\">\n\t\t\t\t\t\t\t\t\t<p>#12 Anshan Street, 2. Stock, Entwicklungszone, Dalian, Provinz Liaoning, China<\/p>\t\t\t\t\t\t\t\t<\/div>\n\t\t\t\t<\/div>\n\t\t\t\t<\/div>\n\t\t\t\t<\/div>\n\t\t<div class=\"elementor-element elementor-element-4448692 e-con-full e-flex e-con e-child\" data-id=\"4448692\" data-element_type=\"container\" data-e-type=\"container\">\n\t\t<div class=\"elementor-element elementor-element-baa0c01 e-con-full e-flex e-con e-child\" data-id=\"baa0c01\" data-element_type=\"container\" data-e-type=\"container\">\n\t\t\t\t<div class=\"elementor-element elementor-element-add066a fs-16 uppercase elementor-widget__width-inherit elementor-widget-mobile__width-initial elementor-widget elementor-widget-heading\" data-id=\"add066a\" data-element_type=\"widget\" data-e-type=\"widget\" data-widget_type=\"heading.default\">\n\t\t\t\t<div class=\"elementor-widget-container\">\n\t\t\t\t\t<p class=\"elementor-heading-title elementor-size-default\">Telefon: \n<\/p>\t\t\t\t<\/div>\n\t\t\t\t<\/div>\n\t\t\t\t<div class=\"elementor-element elementor-element-d5a7938 elementor-view-default elementor-widget elementor-widget-icon\" data-id=\"d5a7938\" data-element_type=\"widget\" data-e-type=\"widget\" data-widget_type=\"icon.default\">\n\t\t\t\t<div class=\"elementor-widget-container\">\n\t\t\t\t\t\t\t<div class=\"elementor-icon-wrapper\">\n\t\t\t<div class=\"elementor-icon\">\n\t\t\t<svg aria-hidden=\"true\" class=\"e-font-icon-svg e-fas-phone-alt\" viewbox=\"0 0 512 512\" xmlns=\"http:\/\/www.w3.org\/2000\/svg\"><path d=\"M497.39 361.8l-112-48a24 24 0 0 0-28 6.9l-49.6 60.6A370.66 370.66 0 0 1 130.6 204.11l60.6-49.6a23.94 23.94 0 0 0 6.9-28l-48-112A24.16 24.16 0 0 0 122.6.61l-104 24A24 24 0 0 0 0 48c0 256.5 207.9 464 464 464a24 24 0 0 0 23.4-18.6l24-104a24.29 24.29 0 0 0-14.01-27.6z\"><\/path><\/svg>\t\t\t<\/div>\n\t\t<\/div>\n\t\t\t\t\t\t<\/div>\n\t\t\t\t<\/div>\n\t\t\t\t<\/div>\n\t\t<div class=\"elementor-element elementor-element-4e14fe6 e-con-full e-flex e-con e-child\" data-id=\"4e14fe6\" data-element_type=\"container\" data-e-type=\"container\">\n\t\t\t\t<div class=\"elementor-element elementor-element-f5aefed fs-16 uppercase rtl-ltr elementor-widget__width-inherit elementor-widget-mobile__width-initial elementor-widget elementor-widget-heading\" data-id=\"f5aefed\" data-element_type=\"widget\" data-e-type=\"widget\" data-widget_type=\"heading.default\">\n\t\t\t\t<div class=\"elementor-widget-container\">\n\t\t\t\t\t<p class=\"elementor-heading-title elementor-size-default\"><a href=\"tel:+86%200411%208853%206014\">+86 0411 8853 6014<\/a><\/p>\t\t\t\t<\/div>\n\t\t\t\t<\/div>\n\t\t\t\t<\/div>\n\t\t\t\t<\/div>\n\t\t<div class=\"elementor-element elementor-element-36547f1 e-con-full e-flex e-con e-child\" data-id=\"36547f1\" data-element_type=\"container\" data-e-type=\"container\">\n\t\t<div class=\"elementor-element elementor-element-9388dea e-con-full e-flex e-con e-child\" data-id=\"9388dea\" data-element_type=\"container\" data-e-type=\"container\">\n\t\t\t\t<div class=\"elementor-element elementor-element-ad34a81 fs-16 uppercase elementor-widget__width-inherit elementor-widget-mobile__width-initial elementor-widget elementor-widget-heading\" data-id=\"ad34a81\" data-element_type=\"widget\" data-e-type=\"widget\" data-widget_type=\"heading.default\">\n\t\t\t\t<div class=\"elementor-widget-container\">\n\t\t\t\t\t<p class=\"elementor-heading-title elementor-size-default\">E-Mail: <\/p>\t\t\t\t<\/div>\n\t\t\t\t<\/div>\n\t\t\t\t<div class=\"elementor-element elementor-element-2fed682 elementor-view-default elementor-widget elementor-widget-icon\" data-id=\"2fed682\" data-element_type=\"widget\" data-e-type=\"widget\" data-widget_type=\"icon.default\">\n\t\t\t\t<div class=\"elementor-widget-container\">\n\t\t\t\t\t\t\t<div class=\"elementor-icon-wrapper\">\n\t\t\t<div class=\"elementor-icon\">\n\t\t\t<svg aria-hidden=\"true\" class=\"e-font-icon-svg e-fas-envelope\" viewbox=\"0 0 512 512\" xmlns=\"http:\/\/www.w3.org\/2000\/svg\"><path d=\"M502.3 190.8c3.9-3.1 9.7-.2 9.7 4.7V400c0 26.5-21.5 48-48 48H48c-26.5 0-48-21.5-48-48V195.6c0-5 5.7-7.8 9.7-4.7 22.4 17.4 52.1 39.5 154.1 113.6 21.1 15.4 56.7 47.8 92.2 47.6 35.7.3 72-32.8 92.3-47.6 102-74.1 131.6-96.3 154-113.7zM256 320c23.2.4 56.6-29.2 73.4-41.4 132.7-96.3 142.8-104.7 173.4-128.7 5.8-4.5 9.2-11.5 9.2-18.9v-19c0-26.5-21.5-48-48-48H48C21.5 64 0 85.5 0 112v19c0 7.4 3.4 14.3 9.2 18.9 30.6 23.9 40.7 32.4 173.4 128.7 16.8 12.2 50.2 41.8 73.4 41.4z\"><\/path><\/svg>\t\t\t<\/div>\n\t\t<\/div>\n\t\t\t\t\t\t<\/div>\n\t\t\t\t<\/div>\n\t\t\t\t<\/div>\n\t\t<div class=\"elementor-element elementor-element-60b1a3c e-con-full e-flex e-con e-child\" data-id=\"60b1a3c\" data-element_type=\"container\" data-e-type=\"container\">\n\t\t\t\t<div class=\"elementor-element elementor-element-e53e2f5 fs-16 elementor-widget__width-inherit elementor-widget-mobile__width-initial elementor-widget elementor-widget-heading\" data-id=\"e53e2f5\" data-element_type=\"widget\" data-e-type=\"widget\" data-widget_type=\"heading.default\">\n\t\t\t\t<div class=\"elementor-widget-container\">\n\t\t\t\t\t<p class=\"elementor-heading-title elementor-size-default\"><a href=\"mailto:inquiries@iflooringlabs.com\u2028\">\u2028inquiries@iflooringlabs.com\u2028<\/a><\/p>\t\t\t\t<\/div>\n\t\t\t\t<\/div>\n\t\t\t\t<\/div>\n\t\t\t\t<\/div>\n\t\t\t\t<\/div>\n\t\t\t\t\t<\/div>\n\t\t\t\t<\/div>\n\t\t<div class=\"elementor-element elementor-element-801a9bc container e-flex e-con-boxed e-con e-parent\" data-id=\"801a9bc\" data-element_type=\"container\" data-e-type=\"container\" data-settings=\"{&quot;background_background&quot;:&quot;classic&quot;}\">\n\t\t\t\t\t<div class=\"e-con-inner\">\n\t\t<div class=\"elementor-element elementor-element-697b1ce e-con-full e-flex e-con e-child\" data-id=\"697b1ce\" data-element_type=\"container\" data-e-type=\"container\">\n\t\t<div class=\"elementor-element elementor-element-fa5ab82 e-con-full e-flex e-con e-child\" data-id=\"fa5ab82\" data-element_type=\"container\" data-e-type=\"container\">\n\t\t\t\t<div class=\"elementor-element elementor-element-52a7878 elementor-widget__width-initial elementor-widget elementor-widget-image\" data-id=\"52a7878\" data-element_type=\"widget\" data-e-type=\"widget\" data-widget_type=\"image.default\">\n\t\t\t\t<div class=\"elementor-widget-container\">\n\t\t\t\t\t\t\t\t\t\t\t\t\t\t\t<img decoding=\"async\" width=\"70\" height=\"80\" src=\"https:\/\/iflooringlabs.com\/wp-content\/uploads\/2025\/03\/polygon.png\" class=\"attachment-large size-large wp-image-473\" alt=\"\" srcset=\"https:\/\/iflooringlabs.com\/wp-content\/uploads\/2025\/03\/polygon.png 70w, https:\/\/iflooringlabs.com\/wp-content\/uploads\/2025\/03\/polygon-11x12.png 11w\" sizes=\"100vw\" \/>\t\t\t\t\t\t\t\t\t\t\t\t\t\t\t<\/div>\n\t\t\t\t<\/div>\n\t\t\t\t<div class=\"elementor-element elementor-element-79e849a fs-24 uppercase elementor-widget__width-inherit elementor-widget-mobile__width-initial elementor-widget elementor-widget-heading\" data-id=\"79e849a\" data-element_type=\"widget\" data-e-type=\"widget\" data-widget_type=\"heading.default\">\n\t\t\t\t<div class=\"elementor-widget-container\">\n\t\t\t\t\t<p class=\"elementor-heading-title elementor-size-default\">Pr\u00fcfung\n<\/p>\t\t\t\t<\/div>\n\t\t\t\t<\/div>\n\t\t\t\t<\/div>\n\t\t<div class=\"elementor-element elementor-element-3ab2093 e-con-full e-flex e-con e-child\" data-id=\"3ab2093\" data-element_type=\"container\" data-e-type=\"container\">\n\t\t\t\t<div class=\"elementor-element elementor-element-2f153c0 fs-16 cl-black elementor-widget__width-initial elementor-widget elementor-widget-text-editor\" data-id=\"2f153c0\" data-element_type=\"widget\" data-e-type=\"widget\" data-widget_type=\"text-editor.default\">\n\t\t\t\t<div class=\"elementor-widget-container\">\n\t\t\t\t\t\t\t\t\t<p>Sind Sie an einem Fabrik-Audit oder einem Bericht \u00fcber die Einhaltung von Industriestandards und Sorgfaltspflichtanforderungen interessiert?<\/p>\t\t\t\t\t\t\t\t<\/div>\n\t\t\t\t<\/div>\n\t\t\t\t<\/div>\n\t\t\t\t<div class=\"elementor-element elementor-element-f99dcb5 btn-body uppercase elementor-widget elementor-widget-button\" data-id=\"f99dcb5\" data-element_type=\"widget\" data-e-type=\"widget\" data-widget_type=\"button.default\">\n\t\t\t\t<div class=\"elementor-widget-container\">\n\t\t\t\t\t\t\t\t\t<div class=\"elementor-button-wrapper\">\n\t\t\t\t\t<a class=\"elementor-button elementor-button-link elementor-size-sm\" href=\"mailto:inquiries@iflooringlabs.com\">\n\t\t\t\t\t\t<span class=\"elementor-button-content-wrapper\">\n\t\t\t\t\t\t\t\t\t<span class=\"elementor-button-text\">BERATUNG SUCHEN <\/span>\n\t\t\t\t\t<\/span>\n\t\t\t\t\t<\/a>\n\t\t\t\t<\/div>\n\t\t\t\t\t\t\t\t<\/div>\n\t\t\t\t<\/div>\n\t\t\t\t<\/div>\n\t\t<div class=\"elementor-element elementor-element-f6625c4 e-con-full e-flex e-con e-child\" data-id=\"f6625c4\" data-element_type=\"container\" data-e-type=\"container\">\n\t\t<div class=\"elementor-element elementor-element-fb94f9e e-con-full e-flex e-con e-child\" data-id=\"fb94f9e\" data-element_type=\"container\" data-e-type=\"container\">\n\t\t\t\t<div class=\"elementor-element elementor-element-1fd60e2 elementor-widget__width-initial elementor-widget elementor-widget-image\" data-id=\"1fd60e2\" data-element_type=\"widget\" data-e-type=\"widget\" data-widget_type=\"image.default\">\n\t\t\t\t<div class=\"elementor-widget-container\">\n\t\t\t\t\t\t\t\t\t\t\t\t\t\t\t<img decoding=\"async\" width=\"70\" height=\"80\" src=\"https:\/\/iflooringlabs.com\/wp-content\/uploads\/2025\/03\/polygon.png\" class=\"attachment-large size-large wp-image-473\" alt=\"\" srcset=\"https:\/\/iflooringlabs.com\/wp-content\/uploads\/2025\/03\/polygon.png 70w, https:\/\/iflooringlabs.com\/wp-content\/uploads\/2025\/03\/polygon-11x12.png 11w\" sizes=\"100vw\" \/>\t\t\t\t\t\t\t\t\t\t\t\t\t\t\t<\/div>\n\t\t\t\t<\/div>\n\t\t\t\t<div class=\"elementor-element elementor-element-89bb3ad fs-24 uppercase elementor-widget__width-inherit elementor-widget-mobile__width-initial elementor-widget elementor-widget-heading\" data-id=\"89bb3ad\" data-element_type=\"widget\" data-e-type=\"widget\" data-widget_type=\"heading.default\">\n\t\t\t\t<div class=\"elementor-widget-container\">\n\t\t\t\t\t<p class=\"elementor-heading-title elementor-size-default\">INSPECT\n<\/p>\t\t\t\t<\/div>\n\t\t\t\t<\/div>\n\t\t\t\t<\/div>\n\t\t<div class=\"elementor-element elementor-element-6b01f20 e-con-full e-flex e-con e-child\" data-id=\"6b01f20\" data-element_type=\"container\" data-e-type=\"container\">\n\t\t\t\t<div class=\"elementor-element elementor-element-9e92b01 fs-16 cl-black elementor-widget__width-initial elementor-widget elementor-widget-text-editor\" data-id=\"9e92b01\" data-element_type=\"widget\" data-e-type=\"widget\" data-widget_type=\"text-editor.default\">\n\t\t\t\t<div class=\"elementor-widget-container\">\n\t\t\t\t\t\t\t\t\t<p>Ben\u00f6tigen Sie Qualit\u00e4tskontrollinspektionen, um Probleme zu erkennen und zu beheben, bevor die Produkte das Werk verlassen?<\/p>\t\t\t\t\t\t\t\t<\/div>\n\t\t\t\t<\/div>\n\t\t\t\t<\/div>\n\t\t\t\t<div class=\"elementor-element elementor-element-e23bb9e btn-body uppercase elementor-widget elementor-widget-button\" data-id=\"e23bb9e\" data-element_type=\"widget\" data-e-type=\"widget\" data-widget_type=\"button.default\">\n\t\t\t\t<div class=\"elementor-widget-container\">\n\t\t\t\t\t\t\t\t\t<div class=\"elementor-button-wrapper\">\n\t\t\t\t\t<a class=\"elementor-button elementor-button-link elementor-size-sm\" href=\"mailto:inquiries@iflooringlabs.com\">\n\t\t\t\t\t\t<span class=\"elementor-button-content-wrapper\">\n\t\t\t\t\t\t\t\t\t<span class=\"elementor-button-text\">hier klicken<\/span>\n\t\t\t\t\t<\/span>\n\t\t\t\t\t<\/a>\n\t\t\t\t<\/div>\n\t\t\t\t\t\t\t\t<\/div>\n\t\t\t\t<\/div>\n\t\t\t\t<\/div>\n\t\t<div class=\"elementor-element elementor-element-64dd523 e-con-full e-flex e-con e-child\" data-id=\"64dd523\" data-element_type=\"container\" data-e-type=\"container\">\n\t\t<div class=\"elementor-element elementor-element-727c73e e-con-full e-flex e-con e-child\" data-id=\"727c73e\" data-element_type=\"container\" data-e-type=\"container\">\n\t\t\t\t<div class=\"elementor-element elementor-element-a762bf6 elementor-widget__width-initial elementor-widget elementor-widget-image\" data-id=\"a762bf6\" data-element_type=\"widget\" data-e-type=\"widget\" data-widget_type=\"image.default\">\n\t\t\t\t<div class=\"elementor-widget-container\">\n\t\t\t\t\t\t\t\t\t\t\t\t\t\t\t<img decoding=\"async\" width=\"70\" height=\"80\" src=\"https:\/\/iflooringlabs.com\/wp-content\/uploads\/2025\/03\/polygon.png\" class=\"attachment-large size-large wp-image-473\" alt=\"\" srcset=\"https:\/\/iflooringlabs.com\/wp-content\/uploads\/2025\/03\/polygon.png 70w, https:\/\/iflooringlabs.com\/wp-content\/uploads\/2025\/03\/polygon-11x12.png 11w\" sizes=\"100vw\" \/>\t\t\t\t\t\t\t\t\t\t\t\t\t\t\t<\/div>\n\t\t\t\t<\/div>\n\t\t\t\t<div class=\"elementor-element elementor-element-e5fbf46 fs-24 uppercase elementor-widget__width-inherit elementor-widget-mobile__width-initial elementor-widget elementor-widget-heading\" data-id=\"e5fbf46\" data-element_type=\"widget\" data-e-type=\"widget\" data-widget_type=\"heading.default\">\n\t\t\t\t<div class=\"elementor-widget-container\">\n\t\t\t\t\t<p class=\"elementor-heading-title elementor-size-default\">TEST\n<\/p>\t\t\t\t<\/div>\n\t\t\t\t<\/div>\n\t\t\t\t<\/div>\n\t\t<div class=\"elementor-element elementor-element-3f4d8c8 e-con-full e-flex e-con e-child\" data-id=\"3f4d8c8\" data-element_type=\"container\" data-e-type=\"container\">\n\t\t\t\t<div class=\"elementor-element elementor-element-125e0ea fs-16 cl-black elementor-widget__width-initial elementor-widget elementor-widget-text-editor\" data-id=\"125e0ea\" data-element_type=\"widget\" data-e-type=\"widget\" data-widget_type=\"text-editor.default\">\n\t\t\t\t<div class=\"elementor-widget-container\">\n\t\t\t\t\t\t\t\t\t<p>M\u00f6chten Sie die Leistung, Sicherheit oder Konformit\u00e4t eines Produkts durch akkreditierte physikalische und chemische Tests \u00fcberpr\u00fcfen?<\/p>\t\t\t\t\t\t\t\t<\/div>\n\t\t\t\t<\/div>\n\t\t\t\t<\/div>\n\t\t\t\t<div class=\"elementor-element elementor-element-1925f3d btn-body uppercase elementor-widget elementor-widget-button\" data-id=\"1925f3d\" data-element_type=\"widget\" data-e-type=\"widget\" data-widget_type=\"button.default\">\n\t\t\t\t<div class=\"elementor-widget-container\">\n\t\t\t\t\t\t\t\t\t<div class=\"elementor-button-wrapper\">\n\t\t\t\t\t<a class=\"elementor-button elementor-button-link elementor-size-sm\" href=\"mailto:inquiries@iflooringlabs.com\">\n\t\t\t\t\t\t<span class=\"elementor-button-content-wrapper\">\n\t\t\t\t\t\t\t\t\t<span class=\"elementor-button-text\">Anfrage einreichen<\/span>\n\t\t\t\t\t<\/span>\n\t\t\t\t\t<\/a>\n\t\t\t\t<\/div>\n\t\t\t\t\t\t\t\t<\/div>\n\t\t\t\t<\/div>\n\t\t\t\t<\/div>\n\t\t\t\t\t<\/div>\n\t\t\t\t<\/div>\n\t\t<div class=\"elementor-element elementor-element-63141d4 container e-flex e-con-boxed e-con e-parent\" data-id=\"63141d4\" data-element_type=\"container\" data-e-type=\"container\">\n\t\t\t\t\t<div class=\"e-con-inner\">\n\t\t<div class=\"elementor-element elementor-element-e0b011d e-con-full e-flex e-con e-child\" data-id=\"e0b011d\" data-element_type=\"container\" data-e-type=\"container\">\n\t\t\t\t<div class=\"elementor-element elementor-element-3170616 quote elementor-widget elementor-widget-text-editor\" data-id=\"3170616\" data-element_type=\"widget\" data-e-type=\"widget\" data-widget_type=\"text-editor.default\">\n\t\t\t\t<div class=\"elementor-widget-container\">\n\t\t\t\t\t\t\t\t\t<p>Ein zufriedener Kunde ist die beste Gesch\u00e4ftsstrategie von allen.<\/p>\t\t\t\t\t\t\t\t<\/div>\n\t\t\t\t<\/div>\n\t\t\t\t<\/div>\n\t\t\t\t\t<\/div>\n\t\t\t\t<\/div>\n\t\t<div class=\"elementor-element elementor-element-ad9d485 container e-flex e-con-boxed e-con e-parent\" data-id=\"ad9d485\" data-element_type=\"container\" data-e-type=\"container\" data-settings=\"{&quot;background_background&quot;:&quot;classic&quot;}\">\n\t\t\t\t\t<div class=\"e-con-inner\">\n\t\t<div class=\"elementor-element elementor-element-fd48dff e-con-full e-flex e-con e-child\" data-id=\"fd48dff\" data-element_type=\"container\" data-e-type=\"container\">\n\t\t<div class=\"elementor-element elementor-element-c3e2a2e e-con-full e-flex e-con e-child\" data-id=\"c3e2a2e\" data-element_type=\"container\" data-e-type=\"container\">\n\t\t\t\t<div class=\"elementor-element elementor-element-586d5fb elementor-widget elementor-widget-image\" data-id=\"586d5fb\" data-element_type=\"widget\" data-e-type=\"widget\" data-widget_type=\"image.default\">\n\t\t\t\t<div class=\"elementor-widget-container\">\n\t\t\t\t\t\t\t\t\t\t\t\t\t\t\t<img decoding=\"async\" width=\"525\" height=\"190\" src=\"https:\/\/iflooringlabs.com\/wp-content\/uploads\/2025\/04\/domotex-banner.png\" class=\"attachment-large size-large wp-image-1645\" alt=\"\" srcset=\"https:\/\/iflooringlabs.com\/wp-content\/uploads\/2025\/04\/domotex-banner.png 734w, https:\/\/iflooringlabs.com\/wp-content\/uploads\/2025\/04\/domotex-banner-300x108.png 300w, https:\/\/iflooringlabs.com\/wp-content\/uploads\/2025\/04\/domotex-banner-18x6.png 18w\" sizes=\"100vw\" \/>\t\t\t\t\t\t\t\t\t\t\t\t\t\t\t<\/div>\n\t\t\t\t<\/div>\n\t\t\t\t<\/div>\n\t\t\t\t<\/div>\n\t\t\t\t\t<\/div>\n\t\t\t\t<\/div>\n\t\t<div class=\"elementor-element elementor-element-9c4fce9 container elementor-hidden-desktop elementor-hidden-tablet elementor-hidden-mobile e-flex e-con-boxed e-con e-parent\" data-id=\"9c4fce9\" data-element_type=\"container\" data-e-type=\"container\" data-settings=\"{&quot;background_background&quot;:&quot;classic&quot;}\">\n\t\t\t\t\t<div class=\"e-con-inner\">\n\t\t<div class=\"elementor-element elementor-element-6d9f864 e-con-full e-flex e-con e-child\" data-id=\"6d9f864\" data-element_type=\"container\" data-e-type=\"container\">\n\t\t<div class=\"elementor-element elementor-element-fc72aa1 e-con-full e-flex e-con e-child\" data-id=\"fc72aa1\" data-element_type=\"container\" data-e-type=\"container\">\n\t\t\t\t<div class=\"elementor-element elementor-element-6c75b5f elementor-widget elementor-widget-image\" data-id=\"6c75b5f\" data-element_type=\"widget\" data-e-type=\"widget\" data-widget_type=\"image.default\">\n\t\t\t\t<div class=\"elementor-widget-container\">\n\t\t\t\t\t\t\t\t\t\t\t\t\t\t\t<img decoding=\"async\" width=\"525\" height=\"190\" src=\"https:\/\/iflooringlabs.com\/wp-content\/uploads\/2025\/04\/domotex-banner.png\" class=\"attachment-large size-large wp-image-1645\" alt=\"\" srcset=\"https:\/\/iflooringlabs.com\/wp-content\/uploads\/2025\/04\/domotex-banner.png 734w, https:\/\/iflooringlabs.com\/wp-content\/uploads\/2025\/04\/domotex-banner-300x108.png 300w, https:\/\/iflooringlabs.com\/wp-content\/uploads\/2025\/04\/domotex-banner-18x6.png 18w\" sizes=\"100vw\" \/>\t\t\t\t\t\t\t\t\t\t\t\t\t\t\t<\/div>\n\t\t\t\t<\/div>\n\t\t\t\t<\/div>\n\t\t<div class=\"elementor-element elementor-element-80fcd42 e-con-full e-flex e-con e-child\" data-id=\"80fcd42\" data-element_type=\"container\" data-e-type=\"container\">\n\t\t\t\t<div class=\"elementor-element elementor-element-e6e8701 elementor-widget elementor-widget-image\" data-id=\"e6e8701\" data-element_type=\"widget\" data-e-type=\"widget\" data-widget_type=\"image.default\">\n\t\t\t\t<div class=\"elementor-widget-container\">\n\t\t\t\t\t\t\t\t\t\t\t\t\t\t\t<img loading=\"lazy\" decoding=\"async\" width=\"206\" height=\"237\" src=\"https:\/\/iflooringlabs.com\/wp-content\/uploads\/2025\/04\/contact.png\" class=\"attachment-large size-large wp-image-3216\" alt=\"\" srcset=\"https:\/\/iflooringlabs.com\/wp-content\/uploads\/2025\/04\/contact.png 206w, https:\/\/iflooringlabs.com\/wp-content\/uploads\/2025\/04\/contact-10x12.png 10w\" sizes=\"100vw\" \/>\t\t\t\t\t\t\t\t\t\t\t\t\t\t\t<\/div>\n\t\t\t\t<\/div>\n\t\t\t\t<\/div>\n\t\t\t\t<\/div>\n\t\t\t\t\t<\/div>\n\t\t\t\t<\/div>\n\t\t\t\t<\/div>","protected":false},"excerpt":{"rendered":"<p>Wie k\u00f6nnen wir Sie unterst\u00fctzen? Das Team von International Flooring Labs (IFL) ist rund um die Uhr erreichbar und bem\u00fcht sich, alle Anfragen innerhalb von 24 Stunden zu beantworten. Unsere mehrsprachigen Mitarbeiter k\u00f6nnen Ihnen auf Chinesisch, Englisch, Franz\u00f6sisch, Deutsch, Italienisch, Persisch, Spanisch und Taiwanesisch weiterhelfen. Adresse: #12 Anshan Street, 2. Stock, Entwicklungszone, Dalian, Provinz Liaoning, China ... <\/p>\n<p class=\"link-more\"><a href=\"https:\/\/iflooringlabs.com\/de\/contact-us\/\" class=\"more-link\"><span class=\"screen-reader-text\">\"Kontakt\"<\/span> weiterlesen<\/a><\/p>","protected":false},"author":1,"featured_media":0,"parent":0,"menu_order":0,"comment_status":"closed","ping_status":"closed","template":"elementor_header_footer","meta":{"_acf_changed":false,"footnotes":""},"class_list":["post-182","page","type-page","status-publish","hentry"],"acf":[],"_links":{"self":[{"href":"https:\/\/iflooringlabs.com\/de\/wp-json\/wp\/v2\/pages\/182","targetHints":{"allow":["GET"]}}],"collection":[{"href":"https:\/\/iflooringlabs.com\/de\/wp-json\/wp\/v2\/pages"}],"about":[{"href":"https:\/\/iflooringlabs.com\/de\/wp-json\/wp\/v2\/types\/page"}],"author":[{"embeddable":true,"href":"https:\/\/iflooringlabs.com\/de\/wp-json\/wp\/v2\/users\/1"}],"replies":[{"embeddable":true,"href":"https:\/\/iflooringlabs.com\/de\/wp-json\/wp\/v2\/comments?post=182"}],"version-history":[{"count":144,"href":"https:\/\/iflooringlabs.com\/de\/wp-json\/wp\/v2\/pages\/182\/revisions"}],"predecessor-version":[{"id":4883,"href":"https:\/\/iflooringlabs.com\/de\/wp-json\/wp\/v2\/pages\/182\/revisions\/4883"}],"wp:attachment":[{"href":"https:\/\/iflooringlabs.com\/de\/wp-json\/wp\/v2\/media?parent=182"}],"curies":[{"name":"wp","href":"https:\/\/api.w.org\/{rel}","templated":true}]}}