{"id":4600,"date":"2025-10-06T10:30:47","date_gmt":"2025-10-06T06:30:47","guid":{"rendered":"https:\/\/iflooringlabs.com\/?page_id=4600"},"modified":"2025-11-19T16:39:48","modified_gmt":"2025-11-19T12:39:48","slug":"nouvelles","status":"publish","type":"page","link":"https:\/\/iflooringlabs.com\/fr\/news\/","title":{"rendered":"Actualit\u00e9s"},"content":{"rendered":"<div data-elementor-type=\"wp-page\" data-elementor-id=\"4600\" class=\"elementor elementor-4600\">\n\t\t\t\t<div class=\"elementor-element elementor-element-59b621a e-con-full ar-direction e-flex e-con e-parent\" data-id=\"59b621a\" data-element_type=\"container\" data-e-type=\"container\">\n\t\t\t\t<div class=\"elementor-element elementor-element-c039c48 elementor-widget__width-inherit elementor-widget elementor-widget-image\" data-id=\"c039c48\" data-element_type=\"widget\" data-e-type=\"widget\" data-widget_type=\"image.default\">\n\t\t\t\t<div class=\"elementor-widget-container\">\n\t\t\t\t\t\t\t\t\t\t\t\t\t\t\t<img fetchpriority=\"high\" decoding=\"async\" width=\"1600\" height=\"545\" src=\"https:\/\/iflooringlabs.com\/wp-content\/uploads\/2025\/10\/news.jpg\" class=\"attachment-full size-full wp-image-4723\" alt=\"\" srcset=\"https:\/\/iflooringlabs.com\/wp-content\/uploads\/2025\/10\/news.jpg 1600w, https:\/\/iflooringlabs.com\/wp-content\/uploads\/2025\/10\/news-300x102.jpg 300w, https:\/\/iflooringlabs.com\/wp-content\/uploads\/2025\/10\/news-1024x349.jpg 1024w, https:\/\/iflooringlabs.com\/wp-content\/uploads\/2025\/10\/news-768x262.jpg 768w, https:\/\/iflooringlabs.com\/wp-content\/uploads\/2025\/10\/news-1536x523.jpg 1536w, https:\/\/iflooringlabs.com\/wp-content\/uploads\/2025\/10\/news-18x6.jpg 18w, https:\/\/iflooringlabs.com\/wp-content\/uploads\/2025\/10\/news-600x204.jpg 600w\" sizes=\"100vw\" \/>\t\t\t\t\t\t\t\t\t\t\t\t\t\t\t<\/div>\n\t\t\t\t<\/div>\n\t\t\t\t<\/div>\n\t\t<div class=\"elementor-element elementor-element-e7ec863 container e-flex e-con-boxed e-con e-parent\" data-id=\"e7ec863\" data-element_type=\"container\" data-e-type=\"container\" data-settings=\"{&quot;background_background&quot;:&quot;classic&quot;}\">\n\t\t\t\t\t<div class=\"e-con-inner\">\n\t\t<div class=\"elementor-element elementor-element-c0fe2bb e-con-full e-flex e-con e-child\" data-id=\"c0fe2bb\" data-element_type=\"container\" data-e-type=\"container\">\n\t\t\t\t<div class=\"elementor-element elementor-element-64436fe fs-32 uppercase elementor-widget__width-inherit elementor-widget elementor-widget-heading\" data-id=\"64436fe\" data-element_type=\"widget\" data-e-type=\"widget\" data-widget_type=\"heading.default\">\n\t\t\t\t<div class=\"elementor-widget-container\">\n\t\t\t\t\t<div class=\"elementor-heading-title elementor-size-default\">D\u00e9couvrez les derni\u00e8res nouvelles et mises \u00e0 jour de l'IFL<\/div>\t\t\t\t<\/div>\n\t\t\t\t<\/div>\n\t\t\t\t<\/div>\n\t\t<div class=\"elementor-element elementor-element-396f431 e-con-full e-flex e-con e-child\" data-id=\"396f431\" data-element_type=\"container\" data-e-type=\"container\">\n\t\t<div class=\"elementor-element elementor-element-6342a2b e-con-full e-flex e-con e-child\" data-id=\"6342a2b\" data-element_type=\"container\" data-e-type=\"container\">\n\t\t\t\t<div class=\"elementor-element elementor-element-99e9f47 elementor-widget elementor-widget-image\" data-id=\"99e9f47\" data-element_type=\"widget\" data-e-type=\"widget\" data-widget_type=\"image.default\">\n\t\t\t\t<div class=\"elementor-widget-container\">\n\t\t\t\t\t\t\t\t\t\t\t\t\t\t\t<img decoding=\"async\" width=\"703\" height=\"395\" src=\"https:\/\/iflooringlabs.com\/wp-content\/uploads\/2025\/10\/e50ef3a8-21db-ca36-08df-c049a0b7b597-1.jpg\" class=\"attachment-full size-full wp-image-4728\" alt=\"\" srcset=\"https:\/\/iflooringlabs.com\/wp-content\/uploads\/2025\/10\/e50ef3a8-21db-ca36-08df-c049a0b7b597-1.jpg 703w, https:\/\/iflooringlabs.com\/wp-content\/uploads\/2025\/10\/e50ef3a8-21db-ca36-08df-c049a0b7b597-1-300x169.jpg 300w, https:\/\/iflooringlabs.com\/wp-content\/uploads\/2025\/10\/e50ef3a8-21db-ca36-08df-c049a0b7b597-1-18x10.jpg 18w, https:\/\/iflooringlabs.com\/wp-content\/uploads\/2025\/10\/e50ef3a8-21db-ca36-08df-c049a0b7b597-1-600x337.jpg 600w\" sizes=\"100vw\" \/>\t\t\t\t\t\t\t\t\t\t\t\t\t\t\t<\/div>\n\t\t\t\t<\/div>\n\t\t<div class=\"elementor-element elementor-element-49aee10 e-con-full e-flex e-con e-child\" data-id=\"49aee10\" data-element_type=\"container\" data-e-type=\"container\" data-settings=\"{&quot;background_background&quot;:&quot;gradient&quot;,&quot;position&quot;:&quot;absolute&quot;}\">\n\t\t\t\t<div class=\"elementor-element elementor-element-0b97c37 semi fs-32 elementor-widget elementor-widget-heading\" data-id=\"0b97c37\" data-element_type=\"widget\" data-e-type=\"widget\" data-widget_type=\"heading.default\">\n\t\t\t\t<div class=\"elementor-widget-container\">\n\t\t\t\t\t<h2 class=\"elementor-heading-title elementor-size-default\">Navigating Growth Through Macroeconomic Challenges<\/h2>\t\t\t\t<\/div>\n\t\t\t\t<\/div>\n\t\t\t\t<div class=\"elementor-element elementor-element-a40f4ef fs-18 elementor-widget__width-initial elementor-widget-tablet__width-inherit elementor-widget elementor-widget-text-editor\" data-id=\"a40f4ef\" data-element_type=\"widget\" data-e-type=\"widget\" data-widget_type=\"text-editor.default\">\n\t\t\t\t<div class=\"elementor-widget-container\">\n\t\t\t\t\t\t\t\t\t<p>In our company\u2019s 24-year history operating across China and Southeast Asia\u2026<\/p>\t\t\t\t\t\t\t\t<\/div>\n\t\t\t\t<\/div>\n\t\t<div class=\"elementor-element elementor-element-f94685e e-con-full e-flex e-con e-child\" data-id=\"f94685e\" data-element_type=\"container\" data-e-type=\"container\">\n\t\t<div class=\"elementor-element elementor-element-a07bf5a e-con-full e-flex e-con e-child\" data-id=\"a07bf5a\" data-element_type=\"container\" data-e-type=\"container\">\n\t\t\t\t<div class=\"elementor-element elementor-element-06fad04 elementor-widget elementor-widget-image\" data-id=\"06fad04\" data-element_type=\"widget\" data-e-type=\"widget\" data-widget_type=\"image.default\">\n\t\t\t\t<div class=\"elementor-widget-container\">\n\t\t\t\t\t\t\t\t\t\t\t\t\t\t\t<img decoding=\"async\" width=\"15\" height=\"18\" src=\"https:\/\/iflooringlabs.com\/wp-content\/uploads\/2025\/10\/Polygon-1.png\" class=\"attachment-full size-full wp-image-4750\" alt=\"\" srcset=\"https:\/\/iflooringlabs.com\/wp-content\/uploads\/2025\/10\/Polygon-1.png 15w, https:\/\/iflooringlabs.com\/wp-content\/uploads\/2025\/10\/Polygon-1-10x12.png 10w\" sizes=\"100vw\" \/>\t\t\t\t\t\t\t\t\t\t\t\t\t\t\t<\/div>\n\t\t\t\t<\/div>\n\t\t\t\t<div class=\"elementor-element elementor-element-4c84ef4 bold fs-14 light-box elementor-widget elementor-widget-image\" data-id=\"4c84ef4\" data-element_type=\"widget\" data-e-type=\"widget\" data-widget_type=\"image.default\">\n\t\t\t\t<div class=\"elementor-widget-container\">\n\t\t\t\t\t\t\t\t\t\t\t\t<figure class=\"wp-caption\">\n\t\t\t\t\t\t\t\t\t\t\t<a href=\"https:\/\/iflooringlabs.com\/fr\/bulletins-dinformation\/?src=IFL_Newsletter-04April2025.html\">\n\t\t\t\t\t\t\t<img decoding=\"async\" src=\"https:\/\/iflooringlabs.com\/wp-content\/plugins\/elementor\/assets\/images\/placeholder.png\" title=\"\" alt=\"\" loading=\"lazy\" \/>\t\t\t\t\t\t\t\t<\/a>\n\t\t\t\t\t\t\t\t\t\t\t<figcaption class=\"widget-image-caption wp-caption-text\">En savoir plus<\/figcaption>\n\t\t\t\t\t\t\t\t\t\t<\/figure>\n\t\t\t\t\t\t\t\t\t<\/div>\n\t\t\t\t<\/div>\n\t\t\t\t<\/div>\n\t\t<div class=\"elementor-element elementor-element-2fc9736 e-con-full e-flex e-con e-child\" data-id=\"2fc9736\" data-element_type=\"container\" data-e-type=\"container\">\n\t\t\t\t<div class=\"elementor-element elementor-element-e23fe19 elementor-widget__width-inherit bold fs-14 rtl-left elementor-widget elementor-widget-text-editor\" data-id=\"e23fe19\" data-element_type=\"widget\" data-e-type=\"widget\" data-widget_type=\"text-editor.default\">\n\t\t\t\t<div class=\"elementor-widget-container\">\n\t\t\t\t\t\t\t\t\t<p>April, 2025<\/p>\t\t\t\t\t\t\t\t<\/div>\n\t\t\t\t<\/div>\n\t\t\t\t<\/div>\n\t\t\t\t<\/div>\n\t\t\t\t<\/div>\n\t\t\t\t<\/div>\n\t\t<div class=\"elementor-element elementor-element-6d83e13 e-con-full e-flex e-con e-child\" data-id=\"6d83e13\" data-element_type=\"container\" data-e-type=\"container\">\n\t\t<div class=\"elementor-element elementor-element-e336fb8 e-con-full e-flex e-con e-child\" data-id=\"e336fb8\" data-element_type=\"container\" data-e-type=\"container\">\n\t\t<div class=\"elementor-element elementor-element-780572d e-con-full e-flex e-con e-child\" data-id=\"780572d\" data-element_type=\"container\" data-e-type=\"container\">\n\t\t\t\t<div class=\"elementor-element elementor-element-278c106 elementor-widget elementor-widget-image\" data-id=\"278c106\" data-element_type=\"widget\" data-e-type=\"widget\" data-widget_type=\"image.default\">\n\t\t\t\t<div class=\"elementor-widget-container\">\n\t\t\t\t\t\t\t\t\t\t\t\t\t\t\t<img loading=\"lazy\" decoding=\"async\" width=\"343\" height=\"190\" src=\"https:\/\/iflooringlabs.com\/wp-content\/uploads\/2025\/10\/ba2ff082-cb38-4036-15f5-f715e02aed5f-1.jpg\" class=\"attachment-full size-full wp-image-4726\" alt=\"\" srcset=\"https:\/\/iflooringlabs.com\/wp-content\/uploads\/2025\/10\/ba2ff082-cb38-4036-15f5-f715e02aed5f-1.jpg 343w, https:\/\/iflooringlabs.com\/wp-content\/uploads\/2025\/10\/ba2ff082-cb38-4036-15f5-f715e02aed5f-1-300x166.jpg 300w, https:\/\/iflooringlabs.com\/wp-content\/uploads\/2025\/10\/ba2ff082-cb38-4036-15f5-f715e02aed5f-1-18x10.jpg 18w\" sizes=\"100vw\" \/>\t\t\t\t\t\t\t\t\t\t\t\t\t\t\t<\/div>\n\t\t\t\t<\/div>\n\t\t<div class=\"elementor-element elementor-element-c34c533 e-con-full e-flex e-con e-child\" data-id=\"c34c533\" data-element_type=\"container\" data-e-type=\"container\" data-settings=\"{&quot;background_background&quot;:&quot;gradient&quot;,&quot;position&quot;:&quot;absolute&quot;}\">\n\t\t\t\t<div class=\"elementor-element elementor-element-111971e semi fs-16 rtl-style elementor-widget elementor-widget-heading\" data-id=\"111971e\" data-element_type=\"widget\" data-e-type=\"widget\" data-widget_type=\"heading.default\">\n\t\t\t\t<div class=\"elementor-widget-container\">\n\t\t\t\t\t<h2 class=\"elementor-heading-title elementor-size-default\">2022 marked IFL\u2019s 20th\nAnniversary.<\/h2>\t\t\t\t<\/div>\n\t\t\t\t<\/div>\n\t\t<div class=\"elementor-element elementor-element-02cbb3d e-con-full e-flex e-con e-child\" data-id=\"02cbb3d\" data-element_type=\"container\" data-e-type=\"container\">\n\t\t<div class=\"elementor-element elementor-element-e2aace3 e-con-full e-flex e-con e-child\" data-id=\"e2aace3\" data-element_type=\"container\" data-e-type=\"container\">\n\t\t\t\t<div class=\"elementor-element elementor-element-184c19f elementor-widget elementor-widget-image\" data-id=\"184c19f\" data-element_type=\"widget\" data-e-type=\"widget\" data-widget_type=\"image.default\">\n\t\t\t\t<div class=\"elementor-widget-container\">\n\t\t\t\t\t\t\t\t\t\t\t\t\t\t\t<img decoding=\"async\" width=\"15\" height=\"18\" src=\"https:\/\/iflooringlabs.com\/wp-content\/uploads\/2025\/10\/Polygon-1.png\" class=\"attachment-full size-full wp-image-4750\" alt=\"\" srcset=\"https:\/\/iflooringlabs.com\/wp-content\/uploads\/2025\/10\/Polygon-1.png 15w, https:\/\/iflooringlabs.com\/wp-content\/uploads\/2025\/10\/Polygon-1-10x12.png 10w\" sizes=\"100vw\" \/>\t\t\t\t\t\t\t\t\t\t\t\t\t\t\t<\/div>\n\t\t\t\t<\/div>\n\t\t\t\t<div class=\"elementor-element elementor-element-05c78e8 bold fs-14 light-box elementor-widget elementor-widget-image\" data-id=\"05c78e8\" data-element_type=\"widget\" data-e-type=\"widget\" data-widget_type=\"image.default\">\n\t\t\t\t<div class=\"elementor-widget-container\">\n\t\t\t\t\t\t\t\t\t\t\t\t<figure class=\"wp-caption\">\n\t\t\t\t\t\t\t\t\t\t\t<a href=\"https:\/\/iflooringlabs.com\/fr\/bulletins-dinformation\/?src=IFL_Newsletter-26Jan2023.html\">\n\t\t\t\t\t\t\t<img decoding=\"async\" src=\"https:\/\/iflooringlabs.com\/wp-content\/plugins\/elementor\/assets\/images\/placeholder.png\" title=\"\" alt=\"\" loading=\"lazy\" \/>\t\t\t\t\t\t\t\t<\/a>\n\t\t\t\t\t\t\t\t\t\t\t<figcaption class=\"widget-image-caption wp-caption-text\">En savoir plus<\/figcaption>\n\t\t\t\t\t\t\t\t\t\t<\/figure>\n\t\t\t\t\t\t\t\t\t<\/div>\n\t\t\t\t<\/div>\n\t\t\t\t<\/div>\n\t\t<div class=\"elementor-element elementor-element-0b37e7e e-con-full e-flex e-con e-child\" data-id=\"0b37e7e\" data-element_type=\"container\" data-e-type=\"container\">\n\t\t\t\t<div class=\"elementor-element elementor-element-cfc4804 elementor-widget__width-inherit bold fs-14 rtl-left elementor-widget elementor-widget-text-editor\" data-id=\"cfc4804\" data-element_type=\"widget\" data-e-type=\"widget\" data-widget_type=\"text-editor.default\">\n\t\t\t\t<div class=\"elementor-widget-container\">\n\t\t\t\t\t\t\t\t\t<p>January, 2023<\/p>\t\t\t\t\t\t\t\t<\/div>\n\t\t\t\t<\/div>\n\t\t\t\t<\/div>\n\t\t\t\t<\/div>\n\t\t\t\t<\/div>\n\t\t\t\t<\/div>\n\t\t<div class=\"elementor-element elementor-element-2cee94e e-con-full e-flex e-con e-child\" data-id=\"2cee94e\" data-element_type=\"container\" data-e-type=\"container\">\n\t\t\t\t<div class=\"elementor-element elementor-element-ccf7ecb elementor-widget elementor-widget-image\" data-id=\"ccf7ecb\" data-element_type=\"widget\" data-e-type=\"widget\" data-widget_type=\"image.default\">\n\t\t\t\t<div class=\"elementor-widget-container\">\n\t\t\t\t\t\t\t\t\t\t\t\t\t\t\t<img loading=\"lazy\" decoding=\"async\" width=\"344\" height=\"190\" src=\"https:\/\/iflooringlabs.com\/wp-content\/uploads\/2025\/10\/c0d2814b-0047-6fe4-1984-d85bd3c2e801-1.jpg\" class=\"attachment-full size-full wp-image-4727\" alt=\"\" srcset=\"https:\/\/iflooringlabs.com\/wp-content\/uploads\/2025\/10\/c0d2814b-0047-6fe4-1984-d85bd3c2e801-1.jpg 344w, https:\/\/iflooringlabs.com\/wp-content\/uploads\/2025\/10\/c0d2814b-0047-6fe4-1984-d85bd3c2e801-1-300x166.jpg 300w, https:\/\/iflooringlabs.com\/wp-content\/uploads\/2025\/10\/c0d2814b-0047-6fe4-1984-d85bd3c2e801-1-18x10.jpg 18w\" sizes=\"100vw\" \/>\t\t\t\t\t\t\t\t\t\t\t\t\t\t\t<\/div>\n\t\t\t\t<\/div>\n\t\t<div class=\"elementor-element elementor-element-47a2c21 e-con-full e-flex e-con e-child\" data-id=\"47a2c21\" data-element_type=\"container\" data-e-type=\"container\" data-settings=\"{&quot;background_background&quot;:&quot;gradient&quot;,&quot;position&quot;:&quot;absolute&quot;}\">\n\t\t\t\t<div class=\"elementor-element elementor-element-ba0853e semi fs-16 rtl-style elementor-widget elementor-widget-heading\" data-id=\"ba0853e\" data-element_type=\"widget\" data-e-type=\"widget\" data-widget_type=\"heading.default\">\n\t\t\t\t<div class=\"elementor-widget-container\">\n\t\t\t\t\t<h2 class=\"elementor-heading-title elementor-size-default\">IFL operates from a state of the art flooring... Coming soon!<\/h2>\t\t\t\t<\/div>\n\t\t\t\t<\/div>\n\t\t<div class=\"elementor-element elementor-element-c0c0a6e e-con-full e-flex e-con e-child\" data-id=\"c0c0a6e\" data-element_type=\"container\" data-e-type=\"container\">\n\t\t<div class=\"elementor-element elementor-element-8d222e8 e-con-full e-flex e-con e-child\" data-id=\"8d222e8\" data-element_type=\"container\" data-e-type=\"container\">\n\t\t\t\t<div class=\"elementor-element elementor-element-6e80844 elementor-widget elementor-widget-image\" data-id=\"6e80844\" data-element_type=\"widget\" data-e-type=\"widget\" data-widget_type=\"image.default\">\n\t\t\t\t<div class=\"elementor-widget-container\">\n\t\t\t\t\t\t\t\t\t\t\t\t\t\t\t<img decoding=\"async\" width=\"15\" height=\"18\" src=\"https:\/\/iflooringlabs.com\/wp-content\/uploads\/2025\/10\/Polygon-1.png\" class=\"attachment-full size-full wp-image-4750\" alt=\"\" srcset=\"https:\/\/iflooringlabs.com\/wp-content\/uploads\/2025\/10\/Polygon-1.png 15w, https:\/\/iflooringlabs.com\/wp-content\/uploads\/2025\/10\/Polygon-1-10x12.png 10w\" sizes=\"100vw\" \/>\t\t\t\t\t\t\t\t\t\t\t\t\t\t\t<\/div>\n\t\t\t\t<\/div>\n\t\t\t\t<div class=\"elementor-element elementor-element-67d0c4b bold fs-14 light-box elementor-widget elementor-widget-image\" data-id=\"67d0c4b\" data-element_type=\"widget\" data-e-type=\"widget\" data-widget_type=\"image.default\">\n\t\t\t\t<div class=\"elementor-widget-container\">\n\t\t\t\t\t\t\t\t\t\t\t\t<figure class=\"wp-caption\">\n\t\t\t\t\t\t\t\t\t\t\t<a href=\"#\">\n\t\t\t\t\t\t\t<img decoding=\"async\" src=\"https:\/\/iflooringlabs.com\/wp-content\/plugins\/elementor\/assets\/images\/placeholder.png\" title=\"\" alt=\"\" loading=\"lazy\" \/>\t\t\t\t\t\t\t\t<\/a>\n\t\t\t\t\t\t\t\t\t\t\t<figcaption class=\"widget-image-caption wp-caption-text\">En savoir plus<\/figcaption>\n\t\t\t\t\t\t\t\t\t\t<\/figure>\n\t\t\t\t\t\t\t\t\t<\/div>\n\t\t\t\t<\/div>\n\t\t\t\t<\/div>\n\t\t<div class=\"elementor-element elementor-element-0f05f65 e-con-full e-flex e-con e-child\" data-id=\"0f05f65\" data-element_type=\"container\" data-e-type=\"container\">\n\t\t\t\t<\/div>\n\t\t\t\t<\/div>\n\t\t\t\t<\/div>\n\t\t\t\t<\/div>\n\t\t\t\t<\/div>\n\t\t<div class=\"elementor-element elementor-element-9847635 e-con-full e-flex e-con e-child\" data-id=\"9847635\" data-element_type=\"container\" data-e-type=\"container\">\n\t\t<div class=\"elementor-element elementor-element-9ff4a4e e-con-full e-flex e-con e-child\" data-id=\"9ff4a4e\" data-element_type=\"container\" data-e-type=\"container\">\n\t\t\t\t<div class=\"elementor-element elementor-element-c6502af elementor-widget elementor-widget-image\" data-id=\"c6502af\" data-element_type=\"widget\" data-e-type=\"widget\" data-widget_type=\"image.default\">\n\t\t\t\t<div class=\"elementor-widget-container\">\n\t\t\t\t\t\t\t\t\t\t\t\t\t\t\t<img loading=\"lazy\" decoding=\"async\" width=\"343\" height=\"190\" src=\"https:\/\/iflooringlabs.com\/wp-content\/uploads\/2025\/10\/86b68ac4-3160-bc10-5ccf-e25a07b274ae-1.jpg\" class=\"attachment-full size-full wp-image-4725\" alt=\"\" srcset=\"https:\/\/iflooringlabs.com\/wp-content\/uploads\/2025\/10\/86b68ac4-3160-bc10-5ccf-e25a07b274ae-1.jpg 343w, https:\/\/iflooringlabs.com\/wp-content\/uploads\/2025\/10\/86b68ac4-3160-bc10-5ccf-e25a07b274ae-1-300x166.jpg 300w, https:\/\/iflooringlabs.com\/wp-content\/uploads\/2025\/10\/86b68ac4-3160-bc10-5ccf-e25a07b274ae-1-18x10.jpg 18w\" sizes=\"100vw\" \/>\t\t\t\t\t\t\t\t\t\t\t\t\t\t\t<\/div>\n\t\t\t\t<\/div>\n\t\t<div class=\"elementor-element elementor-element-7e76e04 e-con-full e-flex e-con e-child\" data-id=\"7e76e04\" data-element_type=\"container\" data-e-type=\"container\" data-settings=\"{&quot;background_background&quot;:&quot;gradient&quot;,&quot;position&quot;:&quot;absolute&quot;}\">\n\t\t\t\t<div class=\"elementor-element elementor-element-b979b20 semi fs-16 rtl-style elementor-widget elementor-widget-heading\" data-id=\"b979b20\" data-element_type=\"widget\" data-e-type=\"widget\" data-widget_type=\"heading.default\">\n\t\t\t\t<div class=\"elementor-widget-container\">\n\t\t\t\t\t<h2 class=\"elementor-heading-title elementor-size-default\">Stay tuned for the next issue... Coming Soon!<\/h2>\t\t\t\t<\/div>\n\t\t\t\t<\/div>\n\t\t<div class=\"elementor-element elementor-element-1cd1765 e-con-full e-flex e-con e-child\" data-id=\"1cd1765\" data-element_type=\"container\" data-e-type=\"container\">\n\t\t<div class=\"elementor-element elementor-element-5ce7af9 e-con-full e-flex e-con e-child\" data-id=\"5ce7af9\" data-element_type=\"container\" data-e-type=\"container\">\n\t\t\t\t<div class=\"elementor-element elementor-element-037b728 elementor-widget elementor-widget-image\" data-id=\"037b728\" data-element_type=\"widget\" data-e-type=\"widget\" data-widget_type=\"image.default\">\n\t\t\t\t<div class=\"elementor-widget-container\">\n\t\t\t\t\t\t\t\t\t\t\t\t\t\t\t<img decoding=\"async\" width=\"15\" height=\"18\" src=\"https:\/\/iflooringlabs.com\/wp-content\/uploads\/2025\/10\/Polygon-1.png\" class=\"attachment-full size-full wp-image-4750\" alt=\"\" srcset=\"https:\/\/iflooringlabs.com\/wp-content\/uploads\/2025\/10\/Polygon-1.png 15w, https:\/\/iflooringlabs.com\/wp-content\/uploads\/2025\/10\/Polygon-1-10x12.png 10w\" sizes=\"100vw\" \/>\t\t\t\t\t\t\t\t\t\t\t\t\t\t\t<\/div>\n\t\t\t\t<\/div>\n\t\t\t\t<div class=\"elementor-element elementor-element-92c8125 bold fs-14 light-box elementor-widget elementor-widget-image\" data-id=\"92c8125\" data-element_type=\"widget\" data-e-type=\"widget\" data-widget_type=\"image.default\">\n\t\t\t\t<div class=\"elementor-widget-container\">\n\t\t\t\t\t\t\t\t\t\t\t\t<figure class=\"wp-caption\">\n\t\t\t\t\t\t\t\t\t\t\t<a href=\"#\">\n\t\t\t\t\t\t\t<img decoding=\"async\" src=\"https:\/\/iflooringlabs.com\/wp-content\/plugins\/elementor\/assets\/images\/placeholder.png\" title=\"\" alt=\"\" loading=\"lazy\" \/>\t\t\t\t\t\t\t\t<\/a>\n\t\t\t\t\t\t\t\t\t\t\t<figcaption class=\"widget-image-caption wp-caption-text\">En savoir plus<\/figcaption>\n\t\t\t\t\t\t\t\t\t\t<\/figure>\n\t\t\t\t\t\t\t\t\t<\/div>\n\t\t\t\t<\/div>\n\t\t\t\t<\/div>\n\t\t<div class=\"elementor-element elementor-element-b4ec2f3 e-con-full e-flex e-con e-child\" data-id=\"b4ec2f3\" data-element_type=\"container\" data-e-type=\"container\">\n\t\t\t\t<\/div>\n\t\t\t\t<\/div>\n\t\t\t\t<\/div>\n\t\t\t\t<\/div>\n\t\t<div class=\"elementor-element elementor-element-4d4dcd8 e-con-full e-flex e-con e-child\" data-id=\"4d4dcd8\" data-element_type=\"container\" data-e-type=\"container\">\n\t\t<div class=\"elementor-element elementor-element-c6973c1 e-con-full e-flex e-con e-child\" data-id=\"c6973c1\" data-element_type=\"container\" data-e-type=\"container\" data-settings=\"{&quot;background_background&quot;:&quot;gradient&quot;,&quot;position&quot;:&quot;absolute&quot;}\">\n\t\t\t\t<div class=\"elementor-element elementor-element-486c3c1 semi fs-16 rtl-style elementor-widget elementor-widget-heading\" data-id=\"486c3c1\" data-element_type=\"widget\" data-e-type=\"widget\" data-widget_type=\"heading.default\">\n\t\t\t\t<div class=\"elementor-widget-container\">\n\t\t\t\t\t<h2 class=\"elementor-heading-title elementor-size-default\">Coming Soon!<\/h2>\t\t\t\t<\/div>\n\t\t\t\t<\/div>\n\t\t<div class=\"elementor-element elementor-element-cc3a13e e-con-full e-flex e-con e-child\" data-id=\"cc3a13e\" data-element_type=\"container\" data-e-type=\"container\">\n\t\t<div class=\"elementor-element elementor-element-12e48f5 e-con-full e-flex e-con e-child\" data-id=\"12e48f5\" data-element_type=\"container\" data-e-type=\"container\">\n\t\t\t\t<div class=\"elementor-element elementor-element-bcf424c elementor-widget elementor-widget-image\" data-id=\"bcf424c\" data-element_type=\"widget\" data-e-type=\"widget\" data-widget_type=\"image.default\">\n\t\t\t\t<div class=\"elementor-widget-container\">\n\t\t\t\t\t\t\t\t\t\t\t\t\t\t\t<img decoding=\"async\" width=\"15\" height=\"18\" src=\"https:\/\/iflooringlabs.com\/wp-content\/uploads\/2025\/10\/Polygon-1.png\" class=\"attachment-full size-full wp-image-4750\" alt=\"\" srcset=\"https:\/\/iflooringlabs.com\/wp-content\/uploads\/2025\/10\/Polygon-1.png 15w, https:\/\/iflooringlabs.com\/wp-content\/uploads\/2025\/10\/Polygon-1-10x12.png 10w\" sizes=\"100vw\" \/>\t\t\t\t\t\t\t\t\t\t\t\t\t\t\t<\/div>\n\t\t\t\t<\/div>\n\t\t\t\t<div class=\"elementor-element elementor-element-c8b2636 bold fs-14 light-box elementor-widget elementor-widget-image\" data-id=\"c8b2636\" data-element_type=\"widget\" data-e-type=\"widget\" data-widget_type=\"image.default\">\n\t\t\t\t<div class=\"elementor-widget-container\">\n\t\t\t\t\t\t\t\t\t\t\t\t<figure class=\"wp-caption\">\n\t\t\t\t\t\t\t\t\t\t\t<a href=\"#\">\n\t\t\t\t\t\t\t<img decoding=\"async\" src=\"https:\/\/iflooringlabs.com\/wp-content\/plugins\/elementor\/assets\/images\/placeholder.png\" title=\"\" alt=\"\" loading=\"lazy\" \/>\t\t\t\t\t\t\t\t<\/a>\n\t\t\t\t\t\t\t\t\t\t\t<figcaption class=\"widget-image-caption wp-caption-text\">En savoir plus<\/figcaption>\n\t\t\t\t\t\t\t\t\t\t<\/figure>\n\t\t\t\t\t\t\t\t\t<\/div>\n\t\t\t\t<\/div>\n\t\t\t\t<\/div>\n\t\t<div class=\"elementor-element elementor-element-cdd0e84 e-con-full e-flex e-con e-child\" data-id=\"cdd0e84\" data-element_type=\"container\" data-e-type=\"container\">\n\t\t\t\t<\/div>\n\t\t\t\t<\/div>\n\t\t\t\t<\/div>\n\t\t\t\t<\/div>\n\t\t\t\t<\/div>\n\t\t\t\t<\/div>\n\t\t\t\t<\/div>\n\t\t\t\t\t<\/div>\n\t\t\t\t<\/div>\n\t\t\t\t<\/div>","protected":false},"excerpt":{"rendered":"<p>D\u00e9couvrez les derni\u00e8res nouvelles et mises \u00e0 jour d'IFL Naviguer dans la croissance \u00e0 travers les d\u00e9fis macro\u00e9conomiques Au cours des 24 ann\u00e9es d'existence de notre soci\u00e9t\u00e9, qui op\u00e8re en Chine et en Asie du Sud-Est... En savoir plus Avril 2025 2022 a marqu\u00e9 le 20e anniversaire d'IFL. En savoir plus Janvier 2023 IFL op\u00e8re \u00e0 partir d'un plancher \u00e0 la pointe de la technologie... Bient\u00f4t ! En savoir plus Restez \u00e0 l'\u00e9coute pour le ... <\/p>\n<p class=\"link-more\"><a href=\"https:\/\/iflooringlabs.com\/fr\/news\/\" class=\"more-link\">Continuer la lecture<span class=\"screen-reader-text\"> de \u00ab Actualit\u00e9s \u00bb<\/span><\/a><\/p>","protected":false},"author":2,"featured_media":0,"parent":0,"menu_order":0,"comment_status":"closed","ping_status":"closed","template":"elementor_header_footer","meta":{"_acf_changed":false,"footnotes":""},"class_list":["post-4600","page","type-page","status-publish","hentry"],"acf":[],"_links":{"self":[{"href":"https:\/\/iflooringlabs.com\/fr\/wp-json\/wp\/v2\/pages\/4600","targetHints":{"allow":["GET"]}}],"collection":[{"href":"https:\/\/iflooringlabs.com\/fr\/wp-json\/wp\/v2\/pages"}],"about":[{"href":"https:\/\/iflooringlabs.com\/fr\/wp-json\/wp\/v2\/types\/page"}],"author":[{"embeddable":true,"href":"https:\/\/iflooringlabs.com\/fr\/wp-json\/wp\/v2\/users\/2"}],"replies":[{"embeddable":true,"href":"https:\/\/iflooringlabs.com\/fr\/wp-json\/wp\/v2\/comments?post=4600"}],"version-history":[{"count":184,"href":"https:\/\/iflooringlabs.com\/fr\/wp-json\/wp\/v2\/pages\/4600\/revisions"}],"predecessor-version":[{"id":4918,"href":"https:\/\/iflooringlabs.com\/fr\/wp-json\/wp\/v2\/pages\/4600\/revisions\/4918"}],"wp:attachment":[{"href":"https:\/\/iflooringlabs.com\/fr\/wp-json\/wp\/v2\/media?parent=4600"}],"curies":[{"name":"wp","href":"https:\/\/api.w.org\/{rel}","templated":true}]}}